{"id":15561,"date":"2023-02-17T14:29:43","date_gmt":"2023-02-17T14:29:43","guid":{"rendered":"https:\/\/estoreboost.com\/amazon-urun-listeleme-optimizasyonu\/"},"modified":"2025-02-21T11:10:18","modified_gmt":"2025-02-21T11:10:18","slug":"amazon-product-listing-optimization","status":"publish","type":"page","link":"https:\/\/estoreboost.com\/en\/amazon-product-listing-optimization\/","title":{"rendered":"Amazon Product Listing Optimization"},"content":{"rendered":"\t\t<div data-elementor-type=\"wp-post\" data-elementor-id=\"15561\" class=\"elementor elementor-15561\">\n\t\t\t\t\t\t<section class=\"elementor-section elementor-top-section elementor-element elementor-element-6962e2f0 elementor-section-stretched elementor-section-boxed elementor-section-height-default elementor-section-height-default\" data-id=\"6962e2f0\" data-element_type=\"section\" data-settings=\"{&quot;stretch_section&quot;:&quot;section-stretched&quot;,&quot;background_background&quot;:&quot;classic&quot;}\">\n\t\t\t\t\t\t\t<div class=\"elementor-background-overlay\"><\/div>\n\t\t\t\t\t\t\t<div class=\"elementor-container elementor-column-gap-default\">\n\t\t\t\t\t<div class=\"elementor-column elementor-col-100 elementor-top-column elementor-element elementor-element-513d0c2\" data-id=\"513d0c2\" data-element_type=\"column\">\n\t\t\t<div class=\"elementor-widget-wrap elementor-element-populated\">\n\t\t\t\t\t\t<div class=\"elementor-element elementor-element-15cdacec elementor-widget elementor-widget-heading\" data-id=\"15cdacec\" data-element_type=\"widget\" data-widget_type=\"heading.default\">\n\t\t\t\t<div class=\"elementor-widget-container\">\n\t\t\t\t\t<h1 class=\"elementor-heading-title elementor-size-default\">Amazon \u00dcr\u00fcn Listeleme Optimizasyonu<\/h1>\t\t\t\t<\/div>\n\t\t\t\t<\/div>\n\t\t\t\t\t<\/div>\n\t\t<\/div>\n\t\t\t\t\t<\/div>\n\t\t<\/section>\n\t\t\t\t<section class=\"elementor-section elementor-top-section elementor-element elementor-element-50b8a3c6 elementor-section-stretched elementor-section-boxed elementor-section-height-default elementor-section-height-default\" data-id=\"50b8a3c6\" data-element_type=\"section\" data-settings=\"{&quot;stretch_section&quot;:&quot;section-stretched&quot;,&quot;background_background&quot;:&quot;classic&quot;}\">\n\t\t\t\t\t\t<div class=\"elementor-container elementor-column-gap-default\">\n\t\t\t\t\t<div class=\"elementor-column elementor-col-50 elementor-top-column elementor-element elementor-element-52834fe2\" data-id=\"52834fe2\" data-element_type=\"column\">\n\t\t\t<div class=\"elementor-widget-wrap elementor-element-populated\">\n\t\t\t\t\t\t<div class=\"elementor-element elementor-element-d654285 elementor-widget elementor-widget-text-editor\" data-id=\"d654285\" data-element_type=\"widget\" data-widget_type=\"text-editor.default\">\n\t\t\t\t<div class=\"elementor-widget-container\">\n\t\t\t\t\t\t\t\t\t<p>Amazon&#8217;un algoritmas\u0131, g\u00fcnden g\u00fcne s\u00fcrekli de\u011fi\u015fen en geli\u015fmi\u015f ve karma\u015f\u0131k ara\u00e7lardan biridir. Bu yapay zekan\u0131n evrimini takip etmek ger\u00e7ekten zor. Harika \u00fcr\u00fcnleri olan sat\u0131c\u0131lar bile k\u00f6t\u00fc ilanlar\u0131 olmas\u0131 nedeniyle her an elenme riskiyle kar\u015f\u0131 kar\u015f\u0131ya. Bu nedenle, Amazon \u00fcr\u00fcn \u00fcr\u00fcn listeleme, iyi optimize edilmi\u015f bir ilan, Amazon&#8217;da sat\u0131\u015f s\u00fcrecinin temelidir. \u00dcr\u00fcnlerinizi ve pazar rekabetini anlamak ve analiz etmek, Amazon \u00dcr\u00fcn \u0130lan\u0131 Optimizasyonu i\u00e7in \u00e7ok \u00f6nemlidir. \u0130yi optimize edilmi\u015f bir \u00fcr\u00fcn ilan\u0131, hem al\u0131c\u0131lara hem de Amazon&#8217;un algoritmas\u0131na ula\u015fmak i\u00e7in \u00e7ok \u00f6nemlidir. \u00dcr\u00fcn\u00fcn\u00fcz en \u00fcstte g\u00f6r\u00fcnt\u00fclendi\u011finde, al\u0131c\u0131 \u00fcr\u00fcn\u00fcn\u00fcze t\u0131klar. Net \u00fcr\u00fcn resimleri, iyi organize edilmi\u015f ilan metinleri (bullet points) ve tutarl\u0131 bir \u015fekilde haz\u0131rlanm\u0131\u015f \u00fcr\u00fcn a\u00e7\u0131klamalar\u0131 iyi bir ilan i\u00e7in en \u00f6nemli noktalard\u0131r.<\/p>\t\t\t\t\t\t\t\t<\/div>\n\t\t\t\t<\/div>\n\t\t\t\t\t<\/div>\n\t\t<\/div>\n\t\t\t\t<div class=\"elementor-column elementor-col-50 elementor-top-column elementor-element elementor-element-c803c6b\" data-id=\"c803c6b\" data-element_type=\"column\">\n\t\t\t<div class=\"elementor-widget-wrap elementor-element-populated\">\n\t\t\t\t\t\t<div class=\"elementor-element elementor-element-1a8c6fd elementor-widget elementor-widget-image\" data-id=\"1a8c6fd\" data-element_type=\"widget\" data-widget_type=\"image.default\">\n\t\t\t\t<div class=\"elementor-widget-container\">\n\t\t\t\t\t\t\t\t\t\t\t\t\t\t\t<img fetchpriority=\"high\" decoding=\"async\" width=\"417\" height=\"400\" src=\"https:\/\/estoreboost.com\/wp-content\/uploads\/2021\/11\/listing-optimization-3.jpg\" class=\"attachment-full size-full wp-image-12279\" alt=\"listing optimization 3\" srcset=\"https:\/\/estoreboost.com\/wp-content\/uploads\/2021\/11\/listing-optimization-3.jpg 417w, https:\/\/estoreboost.com\/wp-content\/uploads\/2021\/11\/listing-optimization-3-300x288.jpg 300w\" sizes=\"(max-width: 417px) 100vw, 417px\" \/>\t\t\t\t\t\t\t\t\t\t\t\t\t\t\t<\/div>\n\t\t\t\t<\/div>\n\t\t\t\t\t<\/div>\n\t\t<\/div>\n\t\t\t\t\t<\/div>\n\t\t<\/section>\n\t\t\t\t<section class=\"elementor-section elementor-top-section elementor-element elementor-element-0a8ffc1 elementor-section-boxed elementor-section-height-default elementor-section-height-default\" data-id=\"0a8ffc1\" data-element_type=\"section\">\n\t\t\t\t\t\t<div class=\"elementor-container elementor-column-gap-default\">\n\t\t\t\t\t<div class=\"elementor-column elementor-col-100 elementor-top-column elementor-element elementor-element-7715915\" data-id=\"7715915\" data-element_type=\"column\">\n\t\t\t<div class=\"elementor-widget-wrap elementor-element-populated\">\n\t\t\t\t\t\t<div class=\"elementor-element elementor-element-203efca elementor-widget elementor-widget-text-editor\" data-id=\"203efca\" data-element_type=\"widget\" data-widget_type=\"text-editor.default\">\n\t\t\t\t<div class=\"elementor-widget-container\">\n\t\t\t\t\t\t\t\t\t<h2>\u00dcr\u00fcn\u00fcn\u00fcz\u00fc Rekabette Tutmak \u0130\u00e7in Verdi\u011fimiz Hizmetler<\/h2><p>Uzmanlardan olu\u015fan bir ekip olarak,<\/p><ul><li>Ayr\u0131nt\u0131l\u0131 Amazon \u0130lan Optimizasyonu Hakk\u0131nda Anahtar Kelimeler,<\/li><li>\u00dcr\u00fcn Ba\u015fl\u0131\u011f\u0131,<\/li><li>Bullet Points (Tan\u0131t\u0131c\u0131 Maddeler) A\u00e7\u0131klamas\u0131,<\/li><li>\u00dcr\u00fcn A\u00e7\u0131klamas\u0131,<\/li><li>\u00dcr\u00fcn Resimleri,<\/li><li>\u0130lan B\u00fct\u00fcnl\u00fc\u011f\u00fc,<\/li><li>Kategorizasyon dahil olmak \u00fczere bir\u00e7ok hizmet sunuyoruz.<\/li><\/ul><h2>Amazon \u00dcr\u00fcn Listeleme \u0130lan\u0131n\u0131z\u0131 Nas\u0131l Optimize Edersiniz?<\/h2><p>Geli\u015fmi\u015f analiz ara\u00e7lar\u0131 yard\u0131m\u0131yla piyasa rekabeti hakk\u0131nda \u00e7e\u015fitli ara\u015ft\u0131rmalar yap\u0131yoruz. Bu t\u00fcr ara\u00e7lar\u0131 kullanarak \u00fcr\u00fcn\u00fcn\u00fcze en uygun anahtar kelimeleri belirliyor ve iyi ara\u015ft\u0131r\u0131lm\u0131\u015f anahtar kelimeleri Amazon&#8217;daki \u00fcr\u00fcn listelemenize entegre ederek ilk sayfalarda yer al\u0131yoruz.<\/p><p>Deneyimli foto\u011fraf\u00e7\u0131 ve grafik tasar\u0131mc\u0131lar\u0131m\u0131z, foto\u011fraflar\u0131 \u00f6zenle haz\u0131rl\u0131yor ve farkl\u0131 foto\u011fraf d\u00fczenleme yaz\u0131l\u0131mlar\u0131n\u0131 kullanarak ilan\u0131n\u0131za de\u011fer kat\u0131yor. Anahtar kelime ara\u015ft\u0131rmas\u0131, rakip ve pazar analizi ve t\u00fcketicilerin duygusal kararlar\u0131n\u0131 dikkate alan piyasa analizcilerimiz, \u00fcr\u00fcn \u00f6zelliklerinizi \u00fcr\u00fcn tan\u0131t\u0131m ve a\u00e7\u0131klamas\u0131nda stratejik olarak d\u00fczenliyor. \u00dcr\u00fcn\u00fcn\u00fcze en uygun kategori ve alt kategorileri belirledikten sonra \u00fcr\u00fcnleri Amazon&#8217;a y\u00fckl\u00fcyor ve sat\u0131\u015f, inceleme, karl\u0131l\u0131k, stok say\u0131m\u0131, reklam gibi \u00f6nemli de\u011fi\u015fkenleri s\u00fcrekli kontrol ediyoruz.<\/p><p>Bundan sonraki s\u00fcre\u00e7te de \u00fcr\u00fcn\u00fcn \u00fcst s\u0131ralarda yer almas\u0131 i\u00e7in s\u00fcrekli hizmet veriyoruz. \u00dcr\u00fcn\u00fcn rekabette \u00f6nde kalmas\u0131n\u0131 sa\u011fl\u0131yoruz.<\/p><p>\u00d6ncelikli Hedefimiz, \u00fcr\u00fcn\u00fcn\u00fcz\u00fc Amazon&#8217;da \u00fcst s\u0131ralarda g\u00f6stermenizi sa\u011flamakt\u0131r. \u0130lan Optimizasyonu, bu hedefe ula\u015fmak i\u00e7in bir \u00f6n ko\u015fuldur. Biz kazan-kazan senaryosuna inan\u0131yoruz ve m\u00fc\u015fterimizin ba\u015far\u0131s\u0131n\u0131n ba\u015far\u0131m\u0131z\u0131n anahtar\u0131 oldu\u011funu biliyoruz.<\/p><p>Amazon A+ \u0130\u00e7erik yani geli\u015ftirilmi\u015f marka i\u00e7eri\u011fi hakk\u0131nda detayl\u0131 bilgi edinmek i\u00e7in l\u00fctfen <a href=\"https:\/\/estoreboost.com\/tr\/amazon-a-icerik-amazon-gelistirilmis-marka-icerigi\/\">t\u0131klay\u0131n\u0131z<\/a>.<\/p><p>\u00dcr\u00fcn listeleme i\u00e7in <a href=\"https:\/\/sell.amazon.in\/sell-online\/list-your-products\" target=\"_blank\" rel=\"noopener\">Amazonun<\/a> kendi sitesinden orijinal i\u00e7eri\u011fe de ula\u015fabiliyoruz.<\/p>\t\t\t\t\t\t\t\t<\/div>\n\t\t\t\t<\/div>\n\t\t\t\t\t<\/div>\n\t\t<\/div>\n\t\t\t\t\t<\/div>\n\t\t<\/section>\n\t\t\t\t<section class=\"elementor-section elementor-top-section elementor-element elementor-element-ca33276 elementor-section-stretched elementor-section-boxed elementor-section-height-default elementor-section-height-default\" data-id=\"ca33276\" data-element_type=\"section\" data-settings=\"{&quot;stretch_section&quot;:&quot;section-stretched&quot;,&quot;background_background&quot;:&quot;classic&quot;}\">\n\t\t\t\t\t\t<div class=\"elementor-container elementor-column-gap-default\">\n\t\t\t\t\t<div class=\"elementor-column elementor-col-100 elementor-top-column elementor-element elementor-element-26f042a\" data-id=\"26f042a\" data-element_type=\"column\">\n\t\t\t<div class=\"elementor-widget-wrap elementor-element-populated\">\n\t\t\t\t\t\t<div class=\"elementor-element elementor-element-8e0075c elementor-align-center elementor-widget elementor-widget-button\" data-id=\"8e0075c\" data-element_type=\"widget\" data-widget_type=\"button.default\">\n\t\t\t\t<div class=\"elementor-widget-container\">\n\t\t\t\t\t\t\t\t\t<div class=\"elementor-button-wrapper\">\n\t\t\t\t\t<a class=\"elementor-button elementor-button-link elementor-size-md\" href=\"https:\/\/estoreboost.com\/tr\/iletisim\/\">\n\t\t\t\t\t\t<span class=\"elementor-button-content-wrapper\">\n\t\t\t\t\t\t<span class=\"elementor-button-icon\">\n\t\t\t\t<i aria-hidden=\"true\" class=\"far fa-caret-square-right\"><\/i>\t\t\t<\/span>\n\t\t\t\t\t\t\t\t\t<span class=\"elementor-button-text\">Detayl\u0131 Bilgi \u0130\u00e7in L\u00fctfen \u0130leti\u015fime Ge\u00e7in<\/span>\n\t\t\t\t\t<\/span>\n\t\t\t\t\t<\/a>\n\t\t\t\t<\/div>\n\t\t\t\t\t\t\t\t<\/div>\n\t\t\t\t<\/div>\n\t\t\t\t<div class=\"elementor-element elementor-element-4a3afbf elementor-widget elementor-widget-spacer\" data-id=\"4a3afbf\" data-element_type=\"widget\" data-widget_type=\"spacer.default\">\n\t\t\t\t<div class=\"elementor-widget-container\">\n\t\t\t\t\t\t\t<div class=\"elementor-spacer\">\n\t\t\t<div class=\"elementor-spacer-inner\"><\/div>\n\t\t<\/div>\n\t\t\t\t\t\t<\/div>\n\t\t\t\t<\/div>\n\t\t\t\t\t<\/div>\n\t\t<\/div>\n\t\t\t\t\t<\/div>\n\t\t<\/section>\n\t\t\t\t<section class=\"elementor-section elementor-top-section elementor-element elementor-element-17d7766 elementor-section-full_width elementor-section-stretched elementor-section-height-default elementor-section-height-default\" data-id=\"17d7766\" data-element_type=\"section\" data-settings=\"{&quot;stretch_section&quot;:&quot;section-stretched&quot;}\">\n\t\t\t\t\t\t<div class=\"elementor-container elementor-column-gap-no\">\n\t\t\t\t\t<div class=\"elementor-column elementor-col-100 elementor-top-column elementor-element elementor-element-df20721\" data-id=\"df20721\" data-element_type=\"column\">\n\t\t\t<div class=\"elementor-widget-wrap elementor-element-populated\">\n\t\t\t\t\t\t<div class=\"elementor-element elementor-element-62054b5 elementor-widget elementor-widget-html\" data-id=\"62054b5\" data-element_type=\"widget\" data-widget_type=\"html.default\">\n\t\t\t\t<div class=\"elementor-widget-container\">\n\t\t\t\t\t<iframe src=\"https:\/\/embeds.beehiiv.com\/6513c285-04bf-46e2-b650-31f17fd72b68\" data-test-id=\"beehiiv-embed\" width=\"100%\" height=\"320\" frameborder=\"0\" scrolling=\"no\" style=\"border-radius: 4px; border: 2px solid #e5e7eb; margin: 0; background-color: transparent;\"><\/iframe>\r\n\t\t\t\t<\/div>\n\t\t\t\t<\/div>\n\t\t\t\t\t<\/div>\n\t\t<\/div>\n\t\t\t\t\t<\/div>\n\t\t<\/section>\n\t\t\t\t<\/div>\n\t\t","protected":false},"excerpt":{"rendered":"<p>Amazon \u00dcr\u00fcn Listeleme Optimizasyonu Amazon&#8217;un algoritmas\u0131, g\u00fcnden g\u00fcne s\u00fcrekli de\u011fi\u015fen&hellip;<\/p>\n<p> <a class=\"more-link\" href=\"https:\/\/estoreboost.com\/en\/amazon-product-listing-optimization\/\">Read more<\/a><\/p>\n","protected":false},"author":4,"featured_media":0,"parent":0,"menu_order":0,"comment_status":"closed","ping_status":"closed","template":"","meta":{"footnotes":""},"class_list":["post-15561","page","type-page","status-publish"],"aioseo_notices":[],"_hostinger_reach_plugin_has_subscription_block":false,"_hostinger_reach_plugin_is_elementor":false,"_links":{"self":[{"href":"https:\/\/estoreboost.com\/en\/wp-json\/wp\/v2\/pages\/15561","targetHints":{"allow":["GET"]}}],"collection":[{"href":"https:\/\/estoreboost.com\/en\/wp-json\/wp\/v2\/pages"}],"about":[{"href":"https:\/\/estoreboost.com\/en\/wp-json\/wp\/v2\/types\/page"}],"author":[{"embeddable":true,"href":"https:\/\/estoreboost.com\/en\/wp-json\/wp\/v2\/users\/4"}],"replies":[{"embeddable":true,"href":"https:\/\/estoreboost.com\/en\/wp-json\/wp\/v2\/comments?post=15561"}],"version-history":[{"count":2,"href":"https:\/\/estoreboost.com\/en\/wp-json\/wp\/v2\/pages\/15561\/revisions"}],"predecessor-version":[{"id":15681,"href":"https:\/\/estoreboost.com\/en\/wp-json\/wp\/v2\/pages\/15561\/revisions\/15681"}],"wp:attachment":[{"href":"https:\/\/estoreboost.com\/en\/wp-json\/wp\/v2\/media?parent=15561"}],"curies":[{"name":"wp","href":"https:\/\/api.w.org\/{rel}","templated":true}]}}