{"id":15607,"date":"2023-02-19T08:11:02","date_gmt":"2023-02-19T08:11:02","guid":{"rendered":"https:\/\/estoreboost.com\/shopify-magaza-yonetimi\/"},"modified":"2025-02-21T11:13:52","modified_gmt":"2025-02-21T11:13:52","slug":"shopify-store-management","status":"publish","type":"page","link":"https:\/\/estoreboost.com\/en\/shopify-store-management\/","title":{"rendered":"Shopify Store Management"},"content":{"rendered":"\t\t<div data-elementor-type=\"wp-post\" data-elementor-id=\"15607\" class=\"elementor elementor-15607\">\n\t\t\t\t\t\t<section class=\"elementor-section elementor-top-section elementor-element elementor-element-6962e2f0 elementor-section-stretched elementor-section-boxed elementor-section-height-default elementor-section-height-default\" data-id=\"6962e2f0\" data-element_type=\"section\" data-settings=\"{&quot;stretch_section&quot;:&quot;section-stretched&quot;,&quot;background_background&quot;:&quot;classic&quot;}\">\n\t\t\t\t\t\t\t<div class=\"elementor-background-overlay\"><\/div>\n\t\t\t\t\t\t\t<div class=\"elementor-container elementor-column-gap-default\">\n\t\t\t\t\t<div class=\"elementor-column elementor-col-100 elementor-top-column elementor-element elementor-element-513d0c2\" data-id=\"513d0c2\" data-element_type=\"column\">\n\t\t\t<div class=\"elementor-widget-wrap elementor-element-populated\">\n\t\t\t\t\t\t<div class=\"elementor-element elementor-element-15cdacec elementor-widget elementor-widget-heading\" data-id=\"15cdacec\" data-element_type=\"widget\" data-widget_type=\"heading.default\">\n\t\t\t\t<div class=\"elementor-widget-container\">\n\t\t\t\t\t<h1 class=\"elementor-heading-title elementor-size-default\">Shopify Store Management<\/h1>\t\t\t\t<\/div>\n\t\t\t\t<\/div>\n\t\t\t\t\t<\/div>\n\t\t<\/div>\n\t\t\t\t\t<\/div>\n\t\t<\/section>\n\t\t\t\t<section class=\"elementor-section elementor-top-section elementor-element elementor-element-50b8a3c6 elementor-section-stretched elementor-section-boxed elementor-section-height-default elementor-section-height-default\" data-id=\"50b8a3c6\" data-element_type=\"section\" data-settings=\"{&quot;stretch_section&quot;:&quot;section-stretched&quot;,&quot;background_background&quot;:&quot;classic&quot;}\">\n\t\t\t\t\t\t<div class=\"elementor-container elementor-column-gap-default\">\n\t\t\t\t\t<div class=\"elementor-column elementor-col-50 elementor-top-column elementor-element elementor-element-52834fe2\" data-id=\"52834fe2\" data-element_type=\"column\">\n\t\t\t<div class=\"elementor-widget-wrap elementor-element-populated\">\n\t\t\t\t\t\t<div class=\"elementor-element elementor-element-7db3346 elementor-widget elementor-widget-text-editor\" data-id=\"7db3346\" data-element_type=\"widget\" data-widget_type=\"text-editor.default\">\n\t\t\t\t<div class=\"elementor-widget-container\">\n\t\t\t\t\t\t\t\t\t<p>What is Shopify?<\/p><p>Shopify was founded in 2006 to make online shopping easier by offering a variety of technical tools and customization options. It is a user-friendly and store-friendly platform where any small or medium-sized business can sign up and increase their online sales. Some of the SEO-friendly aspects of the Shopify platform include meta tags, image optimization, product optimization, investor management, shopping cart integration, interface and analytics setup, and much more. Other applications, APIs, servers, and accounting solutions can all be integrated with Shopify.<\/p>\t\t\t\t\t\t\t\t<\/div>\n\t\t\t\t<\/div>\n\t\t\t\t\t<\/div>\n\t\t<\/div>\n\t\t\t\t<div class=\"elementor-column elementor-col-50 elementor-top-column elementor-element elementor-element-c803c6b\" data-id=\"c803c6b\" data-element_type=\"column\">\n\t\t\t<div class=\"elementor-widget-wrap elementor-element-populated\">\n\t\t\t\t\t\t<div class=\"elementor-element elementor-element-1a8c6fd elementor-widget elementor-widget-image\" data-id=\"1a8c6fd\" data-element_type=\"widget\" data-widget_type=\"image.default\">\n\t\t\t\t<div class=\"elementor-widget-container\">\n\t\t\t\t\t\t\t\t\t\t\t\t\t\t\t<img fetchpriority=\"high\" decoding=\"async\" width=\"1450\" height=\"1355\" src=\"https:\/\/estoreboost.com\/wp-content\/uploads\/2021\/11\/shopify3.png\" class=\"attachment-full size-full wp-image-12510\" alt=\"shopify ma\u011faza y\u00f6netimi\" srcset=\"https:\/\/estoreboost.com\/wp-content\/uploads\/2021\/11\/shopify3.png 1450w, https:\/\/estoreboost.com\/wp-content\/uploads\/2021\/11\/shopify3-300x280.png 300w, https:\/\/estoreboost.com\/wp-content\/uploads\/2021\/11\/shopify3-1024x957.png 1024w, https:\/\/estoreboost.com\/wp-content\/uploads\/2021\/11\/shopify3-768x718.png 768w\" sizes=\"(max-width: 1450px) 100vw, 1450px\" \/>\t\t\t\t\t\t\t\t\t\t\t\t\t\t\t<\/div>\n\t\t\t\t<\/div>\n\t\t\t\t\t<\/div>\n\t\t<\/div>\n\t\t\t\t\t<\/div>\n\t\t<\/section>\n\t\t\t\t<section class=\"elementor-section elementor-top-section elementor-element elementor-element-962fe41 elementor-section-boxed elementor-section-height-default elementor-section-height-default\" data-id=\"962fe41\" data-element_type=\"section\">\n\t\t\t\t\t\t<div class=\"elementor-container elementor-column-gap-default\">\n\t\t\t\t\t<div class=\"elementor-column elementor-col-100 elementor-top-column elementor-element elementor-element-b7744b1\" data-id=\"b7744b1\" data-element_type=\"column\">\n\t\t\t<div class=\"elementor-widget-wrap elementor-element-populated\">\n\t\t\t\t\t\t<div class=\"elementor-element elementor-element-8d7fa5d elementor-widget elementor-widget-heading\" data-id=\"8d7fa5d\" data-element_type=\"widget\" data-widget_type=\"heading.default\">\n\t\t\t\t<div class=\"elementor-widget-container\">\n\t\t\t\t\t<h5 class=\"elementor-heading-title elementor-size-default\">For beginners, Shopify store management can be quite challenging, but we can guide you from start to finish.<\/h5>\t\t\t\t<\/div>\n\t\t\t\t<\/div>\n\t\t\t\t\t<\/div>\n\t\t<\/div>\n\t\t\t\t\t<\/div>\n\t\t<\/section>\n\t\t\t\t<section class=\"elementor-section elementor-top-section elementor-element elementor-element-ca33276 elementor-section-stretched elementor-section-boxed elementor-section-height-default elementor-section-height-default\" data-id=\"ca33276\" data-element_type=\"section\" data-settings=\"{&quot;stretch_section&quot;:&quot;section-stretched&quot;,&quot;background_background&quot;:&quot;classic&quot;}\">\n\t\t\t\t\t\t<div class=\"elementor-container elementor-column-gap-default\">\n\t\t\t\t\t<div class=\"elementor-column elementor-col-100 elementor-top-column elementor-element elementor-element-26f042a\" data-id=\"26f042a\" data-element_type=\"column\">\n\t\t\t<div class=\"elementor-widget-wrap elementor-element-populated\">\n\t\t\t\t\t\t<div class=\"elementor-element elementor-element-f349cda elementor-widget elementor-widget-text-editor\" data-id=\"f349cda\" data-element_type=\"widget\" data-widget_type=\"text-editor.default\">\n\t\t\t\t<div class=\"elementor-widget-container\">\n\t\t\t\t\t\t\t\t\t<p>Why Shopify Matters?<\/p><p>Shopify is now one of the most powerful platforms for businesses looking to create personalized online stores. It has also become incredibly popular among various businesses all over the world. Shopify is a technically perfect store for many business owners looking for an eCommerce platform where they can create highly innovative and intuitive online web stores to sell their products and services. We specialize in designing, building, and modifying websites to meet your specific needs.<\/p><p>Benefits:<\/p><p>Shopify gives us full control over the store and the admin interface is simple, intuitive, and user-friendly. Shopify is a game-changer for your online store with features like unlimited product uploads, multi-language support, strong scalability, comprehensive analytics, and 24\/7 support.<\/p><p>We will guide you through the process.<\/p><p>Running a Shopify store is a demanding task and Store Management plays a very important role in this process. E-StoreBoost is here to help you set up a Shopify store that will help you sell your products by supporting customers and their accounts with products, listings, SEO, and more. E-StoreBoost will also give you the support you need for other processes.<\/p><p>Our Shopify Consultants will help you with theme suggestions, modification possibilities, creative and promotional approaches. This can include adding products and photos, creating blog content, and processing orders. We\u2019re here to help with everything from inventory management to design, marketing, and operations, and everything in between. If you need help maintaining your store, we\u2019re the team to call.<\/p><p>How to Manage a Shopify Store?<\/p><p>In short, we\u2019ll take a data-driven approach to growing your Shopify sales. We\u2019ll choose the best theme for your products, set up the store, and tweak it as needed. We\u2019ll also integrate conversion tracking code, optimize products and categories, and improve your organic Google rankings. With our staff who have the knowledge and experience to improve your sales in the e-commerce sector and ensure your success, you can be sure that we handle frequent updates, daily maintenance, product integration and optimization, URL correction, Payment gateway integration, Coupon and Coupon Management and other works as a Shopify Support system to ensure the smooth and error-free operation of the website.<\/p><p>Our professionals are here to help you.<\/p><p>We have a team of Shopify store management experts to help you with small or big problems you may encounter while managing your store. We understand and accept that as a brand owner, you have a lot to do. Therefore, any additional help you can provide to continue your Shopify business will be welcomed. When you deal with E-StoreBoost, you have an expert Shopify management team that will work with you and reach you 24 hours a day, seven days a week. Upgrades, utility features, security and timely maintenance will be our responsibilities.<\/p><p>As a result, now while the E-StoreBoost Team manages your store, you can focus on brand performance, customer acquisition and increasing profit margin.<\/p>\t\t\t\t\t\t\t\t<\/div>\n\t\t\t\t<\/div>\n\t\t\t\t<div class=\"elementor-element elementor-element-8e0075c elementor-align-center elementor-widget elementor-widget-button\" data-id=\"8e0075c\" data-element_type=\"widget\" data-widget_type=\"button.default\">\n\t\t\t\t<div class=\"elementor-widget-container\">\n\t\t\t\t\t\t\t\t\t<div class=\"elementor-button-wrapper\">\n\t\t\t\t\t<a class=\"elementor-button elementor-button-link elementor-size-md\" href=\"https:\/\/estoreboost.com\/tr\/iletisim\/\">\n\t\t\t\t\t\t<span class=\"elementor-button-content-wrapper\">\n\t\t\t\t\t\t<span class=\"elementor-button-icon\">\n\t\t\t\t<i aria-hidden=\"true\" class=\"far fa-caret-square-right\"><\/i>\t\t\t<\/span>\n\t\t\t\t\t\t\t\t\t<span class=\"elementor-button-text\"> DETAYLI B\u0130LG\u0130 \u0130\u00c7\u0130N L\u00dcTFEN \u0130LET\u0130\u015e\u0130ME GE\u00c7\u0130N<\/span>\n\t\t\t\t\t<\/span>\n\t\t\t\t\t<\/a>\n\t\t\t\t<\/div>\n\t\t\t\t\t\t\t\t<\/div>\n\t\t\t\t<\/div>\n\t\t\t\t<div class=\"elementor-element elementor-element-4a3afbf elementor-widget elementor-widget-spacer\" data-id=\"4a3afbf\" data-element_type=\"widget\" data-widget_type=\"spacer.default\">\n\t\t\t\t<div class=\"elementor-widget-container\">\n\t\t\t\t\t\t\t<div class=\"elementor-spacer\">\n\t\t\t<div class=\"elementor-spacer-inner\"><\/div>\n\t\t<\/div>\n\t\t\t\t\t\t<\/div>\n\t\t\t\t<\/div>\n\t\t\t\t\t<\/div>\n\t\t<\/div>\n\t\t\t\t\t<\/div>\n\t\t<\/section>\n\t\t\t\t<section class=\"elementor-section elementor-top-section elementor-element elementor-element-74ccdf2 elementor-section-full_width elementor-section-stretched elementor-section-height-default elementor-section-height-default\" data-id=\"74ccdf2\" data-element_type=\"section\" data-settings=\"{&quot;stretch_section&quot;:&quot;section-stretched&quot;}\">\n\t\t\t\t\t\t<div class=\"elementor-container elementor-column-gap-no\">\n\t\t\t\t\t<div class=\"elementor-column elementor-col-100 elementor-top-column elementor-element elementor-element-b20a0e1\" data-id=\"b20a0e1\" data-element_type=\"column\">\n\t\t\t<div class=\"elementor-widget-wrap elementor-element-populated\">\n\t\t\t\t\t\t<div class=\"elementor-element elementor-element-5187132 elementor-widget elementor-widget-html\" data-id=\"5187132\" data-element_type=\"widget\" data-widget_type=\"html.default\">\n\t\t\t\t<div class=\"elementor-widget-container\">\n\t\t\t\t\t<iframe src=\"https:\/\/embeds.beehiiv.com\/6513c285-04bf-46e2-b650-31f17fd72b68\" data-test-id=\"beehiiv-embed\" width=\"100%\" height=\"320\" frameborder=\"0\" scrolling=\"no\" style=\"border-radius: 4px; border: 2px solid #e5e7eb; margin: 0; background-color: transparent;\"><\/iframe>\r\n\t\t\t\t<\/div>\n\t\t\t\t<\/div>\n\t\t\t\t\t<\/div>\n\t\t<\/div>\n\t\t\t\t\t<\/div>\n\t\t<\/section>\n\t\t\t\t<\/div>\n\t\t","protected":false},"excerpt":{"rendered":"<p>Shopify Store Management What is Shopify? Shopify was founded in&hellip;<\/p>\n<p> <a class=\"more-link\" href=\"https:\/\/estoreboost.com\/en\/shopify-store-management\/\">Read more<\/a><\/p>\n","protected":false},"author":4,"featured_media":0,"parent":0,"menu_order":0,"comment_status":"closed","ping_status":"closed","template":"","meta":{"footnotes":""},"class_list":["post-15607","page","type-page","status-publish"],"aioseo_notices":[],"_hostinger_reach_plugin_has_subscription_block":false,"_hostinger_reach_plugin_is_elementor":false,"_links":{"self":[{"href":"https:\/\/estoreboost.com\/en\/wp-json\/wp\/v2\/pages\/15607","targetHints":{"allow":["GET"]}}],"collection":[{"href":"https:\/\/estoreboost.com\/en\/wp-json\/wp\/v2\/pages"}],"about":[{"href":"https:\/\/estoreboost.com\/en\/wp-json\/wp\/v2\/types\/page"}],"author":[{"embeddable":true,"href":"https:\/\/estoreboost.com\/en\/wp-json\/wp\/v2\/users\/4"}],"replies":[{"embeddable":true,"href":"https:\/\/estoreboost.com\/en\/wp-json\/wp\/v2\/comments?post=15607"}],"version-history":[{"count":4,"href":"https:\/\/estoreboost.com\/en\/wp-json\/wp\/v2\/pages\/15607\/revisions"}],"predecessor-version":[{"id":15686,"href":"https:\/\/estoreboost.com\/en\/wp-json\/wp\/v2\/pages\/15607\/revisions\/15686"}],"wp:attachment":[{"href":"https:\/\/estoreboost.com\/en\/wp-json\/wp\/v2\/media?parent=15607"}],"curies":[{"name":"wp","href":"https:\/\/api.w.org\/{rel}","templated":true}]}}