{"id":15616,"date":"2023-02-19T08:19:43","date_gmt":"2023-02-19T08:19:43","guid":{"rendered":"https:\/\/estoreboost.com\/walmart-etsy-ebay-magaza-yonetimi\/"},"modified":"2025-02-21T11:14:04","modified_gmt":"2025-02-21T11:14:04","slug":"walmart-etsy-ebay-store-management","status":"publish","type":"page","link":"https:\/\/estoreboost.com\/en\/walmart-etsy-ebay-store-management\/","title":{"rendered":"Walmart Etsy eBay Store Management"},"content":{"rendered":"\t\t<div data-elementor-type=\"wp-post\" data-elementor-id=\"15616\" class=\"elementor elementor-15616\">\n\t\t\t\t\t\t<section class=\"elementor-section elementor-top-section elementor-element elementor-element-6962e2f0 elementor-section-stretched elementor-section-boxed elementor-section-height-default elementor-section-height-default\" data-id=\"6962e2f0\" data-element_type=\"section\" data-e-type=\"section\" data-settings=\"{&quot;stretch_section&quot;:&quot;section-stretched&quot;,&quot;background_background&quot;:&quot;classic&quot;}\">\n\t\t\t\t\t\t\t<div class=\"elementor-background-overlay\"><\/div>\n\t\t\t\t\t\t\t<div class=\"elementor-container elementor-column-gap-default\">\n\t\t\t\t\t<div class=\"elementor-column elementor-col-100 elementor-top-column elementor-element elementor-element-513d0c2\" data-id=\"513d0c2\" data-element_type=\"column\" data-e-type=\"column\">\n\t\t\t<div class=\"elementor-widget-wrap elementor-element-populated\">\n\t\t\t\t\t\t<div class=\"elementor-element elementor-element-15cdacec elementor-widget elementor-widget-heading\" data-id=\"15cdacec\" data-element_type=\"widget\" data-e-type=\"widget\" data-widget_type=\"heading.default\">\n\t\t\t\t<div class=\"elementor-widget-container\">\n\t\t\t\t\t<h1 class=\"elementor-heading-title elementor-size-default\">WALMART ETSY EBAY STORE MANAGEMENT<\/h1>\t\t\t\t<\/div>\n\t\t\t\t<\/div>\n\t\t\t\t\t<\/div>\n\t\t<\/div>\n\t\t\t\t\t<\/div>\n\t\t<\/section>\n\t\t\t\t<section class=\"elementor-section elementor-top-section elementor-element elementor-element-50b8a3c6 elementor-section-stretched elementor-section-boxed elementor-section-height-default elementor-section-height-default\" data-id=\"50b8a3c6\" data-element_type=\"section\" data-e-type=\"section\" data-settings=\"{&quot;stretch_section&quot;:&quot;section-stretched&quot;,&quot;background_background&quot;:&quot;classic&quot;}\">\n\t\t\t\t\t\t<div class=\"elementor-container elementor-column-gap-default\">\n\t\t\t\t\t<div class=\"elementor-column elementor-col-50 elementor-top-column elementor-element elementor-element-52834fe2\" data-id=\"52834fe2\" data-element_type=\"column\" data-e-type=\"column\">\n\t\t\t<div class=\"elementor-widget-wrap elementor-element-populated\">\n\t\t\t\t\t\t<div class=\"elementor-element elementor-element-f0db13d elementor-widget elementor-widget-text-editor\" data-id=\"f0db13d\" data-element_type=\"widget\" data-e-type=\"widget\" data-widget_type=\"text-editor.default\">\n\t\t\t\t<div class=\"elementor-widget-container\">\n\t\t\t\t\t\t\t\t\t<p>Expanding into new global markets is a complex endeavor. When creating an ecommerce strategy, brands should consider everything from marketing to compliance. Creating a go-to-market plan that focuses on customer experience and includes strong operations is essential.<\/p><p>As you embark on this journey, we are committed to helping and leading you to global success. With our EStoreBoost Team as your guide, you and your store will be on your way to creating seamless, localized experiences for your customers, no matter where they are in the world.<\/p>\t\t\t\t\t\t\t\t<\/div>\n\t\t\t\t<\/div>\n\t\t\t\t\t<\/div>\n\t\t<\/div>\n\t\t\t\t<div class=\"elementor-column elementor-col-50 elementor-top-column elementor-element elementor-element-c803c6b\" data-id=\"c803c6b\" data-element_type=\"column\" data-e-type=\"column\">\n\t\t\t<div class=\"elementor-widget-wrap elementor-element-populated\">\n\t\t\t\t\t\t<div class=\"elementor-element elementor-element-1a8c6fd elementor-widget elementor-widget-image\" data-id=\"1a8c6fd\" data-element_type=\"widget\" data-e-type=\"widget\" data-widget_type=\"image.default\">\n\t\t\t\t<div class=\"elementor-widget-container\">\n\t\t\t\t\t\t\t\t\t\t\t\t\t\t\t<img fetchpriority=\"high\" decoding=\"async\" width=\"448\" height=\"332\" src=\"https:\/\/estoreboost.com\/wp-content\/uploads\/2021\/11\/etsy-wallmart-ebay1.jpg\" class=\"attachment-full size-full wp-image-12515\" alt=\"etsy wallmart ebay1\" srcset=\"https:\/\/estoreboost.com\/wp-content\/uploads\/2021\/11\/etsy-wallmart-ebay1.jpg 448w, https:\/\/estoreboost.com\/wp-content\/uploads\/2021\/11\/etsy-wallmart-ebay1-300x222.jpg 300w\" sizes=\"(max-width: 448px) 100vw, 448px\" \/>\t\t\t\t\t\t\t\t\t\t\t\t\t\t\t<\/div>\n\t\t\t\t<\/div>\n\t\t\t\t\t<\/div>\n\t\t<\/div>\n\t\t\t\t\t<\/div>\n\t\t<\/section>\n\t\t\t\t<section class=\"elementor-section elementor-top-section elementor-element elementor-element-ca33276 elementor-section-stretched elementor-section-boxed elementor-section-height-default elementor-section-height-default\" data-id=\"ca33276\" data-element_type=\"section\" data-e-type=\"section\" data-settings=\"{&quot;stretch_section&quot;:&quot;section-stretched&quot;,&quot;background_background&quot;:&quot;classic&quot;}\">\n\t\t\t\t\t\t<div class=\"elementor-container elementor-column-gap-default\">\n\t\t\t\t\t<div class=\"elementor-column elementor-col-100 elementor-top-column elementor-element elementor-element-26f042a\" data-id=\"26f042a\" data-element_type=\"column\" data-e-type=\"column\">\n\t\t\t<div class=\"elementor-widget-wrap elementor-element-populated\">\n\t\t\t\t\t\t<div class=\"elementor-element elementor-element-169a2d9 elementor-widget elementor-widget-text-editor\" data-id=\"169a2d9\" data-element_type=\"widget\" data-e-type=\"widget\" data-widget_type=\"text-editor.default\">\n\t\t\t\t<div class=\"elementor-widget-container\">\n\t\t\t\t\t\t\t\t\t<p>We make sure your business performs even when the merchant platform is full of comparable product listings and is highly competitive. We have compiled the best practices for selling on various online marketplaces so that we can easily set up, manage, and maintain your store.<\/p><p>Each online store management strategy is tailored to your business\u2019s specific needs. The ultimate goal is to maintain a structured web store to attract more customers, sell more products, and overcome sales challenges.<\/p><p>WALMART STORE MANAGEMENT<\/p><p>Walmart\u2019s online marketplace has become the fastest growing online marketplace with thousands of merchants and counting. Walmart Marketplace is a successful selling platform for both large and small merchants in the United States, with categories ranging from kitchenware to pet supplies and more.<\/p><p>Given Walmart\u2019s global recognition and seemingly endless product categories, it\u2019s no wonder that Walmart.com is a go-to shopping destination for many, with over 120 million people visiting the site each month.<\/p><p>Because we truly care about helping brands like yours, you won\u2019t have to wait days for an automated response from our Walmart experts. As a Walmart Consultant team, we provide the fastest turnaround. We also do all of our work in the United States. We specialize in listing creation and optimization, as well as ad optimization and strategic advice.<\/p><p>ETSY SHOP MANAGEMENT<\/p><p>People looking for something different can find it on ETSY, which connects consumers with independent sellers from all over the world. On ETSY, every product is listed and sold by a seller who makes handmade goods, craft supplies, or anything else that fits the bill. There\u2019s no ETSY warehouse like Amazon. When you shop on ETSY, you directly support independent sellers who handle their own orders and inventory. The EStore Boost Team will help you become an independent ETSY seller.<\/p><p>When you hire the E-Store Boost Consulting Team to set up and maintain your ETSY store, you get a comprehensive service that will help you achieve maximum success on the platform. This can increase your sales and earnings while improving your online presence in ETSY search results.<\/p><p>If you\u2019re new to ETSY, our experts analyze your products for your store while we improve your listings by writing compelling product descriptions and organizing them correctly into categories and subcategories. Additionally, before you create or grow your store, our expert EStoreBoost ETSY Account Management Specialist conducts in-depth research on your competition on ETSY. We invite you to contact us to find an analysis and implementation strategy that will make you their most competitive seller.<\/p><p>EBAY STORE MANAGEMENT<\/p><p>In the United States, eBay is the second largest marketplace, while Amazon is the largest. It has 170 million active customers worldwide. The platform is a source of high-volume, high-quality potential customer traffic.<\/p><p>Our EStoreBoost eBay Account Management service is here to help you take your eBay store to the next level by increasing visibility, sales, and ROI. Our eBay experts know how to use the eBay marketplace to increase your brand visibility. Whether you have a large product inventory or are new to eCommerce, our experienced management team will work on optimization and automation for eBay.<\/p><p>We guarantee that your product pages will be upgraded with professionally created product description pages. These multimedia-rich content pages promote your products while strengthening your brand and highlighting product features. Our eBay listing service team enhances product titles and descriptions to improve product appearance and visibility in search results.<\/p><p>Selling on an eCommerce platform has never been easy, and eBay is no exception. You will need a lot of experience and knowledge to market and sell your products more effectively than your competitors. Let us handle your eCommerce business while you focus on your other activities, knowing that your store is always in good hands.<\/p>\t\t\t\t\t\t\t\t<\/div>\n\t\t\t\t<\/div>\n\t\t\t\t<div class=\"elementor-element elementor-element-e203fbe elementor-widget elementor-widget-spacer\" data-id=\"e203fbe\" data-element_type=\"widget\" data-e-type=\"widget\" data-widget_type=\"spacer.default\">\n\t\t\t\t<div class=\"elementor-widget-container\">\n\t\t\t\t\t\t\t<div class=\"elementor-spacer\">\n\t\t\t<div class=\"elementor-spacer-inner\"><\/div>\n\t\t<\/div>\n\t\t\t\t\t\t<\/div>\n\t\t\t\t<\/div>\n\t\t\t\t<div class=\"elementor-element elementor-element-8c5bb58 elementor-widget elementor-widget-spacer\" data-id=\"8c5bb58\" data-element_type=\"widget\" data-e-type=\"widget\" data-widget_type=\"spacer.default\">\n\t\t\t\t<div class=\"elementor-widget-container\">\n\t\t\t\t\t\t\t<div class=\"elementor-spacer\">\n\t\t\t<div class=\"elementor-spacer-inner\"><\/div>\n\t\t<\/div>\n\t\t\t\t\t\t<\/div>\n\t\t\t\t<\/div>\n\t\t\t\t<div class=\"elementor-element elementor-element-5553d0c elementor-widget elementor-widget-spacer\" data-id=\"5553d0c\" data-element_type=\"widget\" data-e-type=\"widget\" data-widget_type=\"spacer.default\">\n\t\t\t\t<div class=\"elementor-widget-container\">\n\t\t\t\t\t\t\t<div class=\"elementor-spacer\">\n\t\t\t<div class=\"elementor-spacer-inner\"><\/div>\n\t\t<\/div>\n\t\t\t\t\t\t<\/div>\n\t\t\t\t<\/div>\n\t\t\t\t<div class=\"elementor-element elementor-element-8e0075c elementor-align-center elementor-widget elementor-widget-button\" data-id=\"8e0075c\" data-element_type=\"widget\" data-e-type=\"widget\" data-widget_type=\"button.default\">\n\t\t\t\t<div class=\"elementor-widget-container\">\n\t\t\t\t\t\t\t\t\t<div class=\"elementor-button-wrapper\">\n\t\t\t\t\t<a class=\"elementor-button elementor-button-link elementor-size-md\" href=\"https:\/\/estoreboost.com\/tr\/iletisim\/\">\n\t\t\t\t\t\t<span class=\"elementor-button-content-wrapper\">\n\t\t\t\t\t\t<span class=\"elementor-button-icon\">\n\t\t\t\t<i aria-hidden=\"true\" class=\"far fa-caret-square-right\"><\/i>\t\t\t<\/span>\n\t\t\t\t\t\t\t\t\t<span class=\"elementor-button-text\"> DETAYLI B\u0130LG\u0130 \u0130\u00c7\u0130N L\u00dcTFEN \u0130LET\u0130\u015e\u0130ME GE\u00c7\u0130N<\/span>\n\t\t\t\t\t<\/span>\n\t\t\t\t\t<\/a>\n\t\t\t\t<\/div>\n\t\t\t\t\t\t\t\t<\/div>\n\t\t\t\t<\/div>\n\t\t\t\t<div class=\"elementor-element elementor-element-4a3afbf elementor-widget elementor-widget-spacer\" data-id=\"4a3afbf\" data-element_type=\"widget\" data-e-type=\"widget\" data-widget_type=\"spacer.default\">\n\t\t\t\t<div class=\"elementor-widget-container\">\n\t\t\t\t\t\t\t<div class=\"elementor-spacer\">\n\t\t\t<div class=\"elementor-spacer-inner\"><\/div>\n\t\t<\/div>\n\t\t\t\t\t\t<\/div>\n\t\t\t\t<\/div>\n\t\t\t\t\t<\/div>\n\t\t<\/div>\n\t\t\t\t\t<\/div>\n\t\t<\/section>\n\t\t\t\t<section class=\"elementor-section elementor-top-section elementor-element elementor-element-a79fadb elementor-section-full_width elementor-section-stretched elementor-section-height-default elementor-section-height-default\" data-id=\"a79fadb\" data-element_type=\"section\" data-e-type=\"section\" data-settings=\"{&quot;stretch_section&quot;:&quot;section-stretched&quot;}\">\n\t\t\t\t\t\t<div class=\"elementor-container elementor-column-gap-no\">\n\t\t\t\t\t<div class=\"elementor-column elementor-col-100 elementor-top-column elementor-element elementor-element-22e1589\" data-id=\"22e1589\" data-element_type=\"column\" data-e-type=\"column\">\n\t\t\t<div class=\"elementor-widget-wrap elementor-element-populated\">\n\t\t\t\t\t\t<div class=\"elementor-element elementor-element-93e0ba2 elementor-widget elementor-widget-html\" data-id=\"93e0ba2\" data-element_type=\"widget\" data-e-type=\"widget\" data-widget_type=\"html.default\">\n\t\t\t\t<div class=\"elementor-widget-container\">\n\t\t\t\t\t<iframe src=\"https:\/\/embeds.beehiiv.com\/6513c285-04bf-46e2-b650-31f17fd72b68\" data-test-id=\"beehiiv-embed\" width=\"100%\" height=\"320\" frameborder=\"0\" scrolling=\"no\" style=\"border-radius: 4px; border: 2px solid #e5e7eb; margin: 0; background-color: transparent;\"><\/iframe>\r\n\t\t\t\t<\/div>\n\t\t\t\t<\/div>\n\t\t\t\t\t<\/div>\n\t\t<\/div>\n\t\t\t\t\t<\/div>\n\t\t<\/section>\n\t\t\t\t<\/div>\n\t\t","protected":false},"excerpt":{"rendered":"<p>WALMART ETSY EBAY STORE MANAGEMENT Expanding into new global markets&hellip;<\/p>\n<p> <a class=\"more-link\" href=\"https:\/\/estoreboost.com\/en\/walmart-etsy-ebay-store-management\/\">Read more<\/a><\/p>\n","protected":false},"author":4,"featured_media":0,"parent":0,"menu_order":0,"comment_status":"closed","ping_status":"closed","template":"","meta":{"footnotes":""},"class_list":["post-15616","page","type-page","status-publish"],"aioseo_notices":[],"_hostinger_reach_plugin_has_subscription_block":false,"_hostinger_reach_plugin_is_elementor":false,"_links":{"self":[{"href":"https:\/\/estoreboost.com\/en\/wp-json\/wp\/v2\/pages\/15616","targetHints":{"allow":["GET"]}}],"collection":[{"href":"https:\/\/estoreboost.com\/en\/wp-json\/wp\/v2\/pages"}],"about":[{"href":"https:\/\/estoreboost.com\/en\/wp-json\/wp\/v2\/types\/page"}],"author":[{"embeddable":true,"href":"https:\/\/estoreboost.com\/en\/wp-json\/wp\/v2\/users\/4"}],"replies":[{"embeddable":true,"href":"https:\/\/estoreboost.com\/en\/wp-json\/wp\/v2\/comments?post=15616"}],"version-history":[{"count":4,"href":"https:\/\/estoreboost.com\/en\/wp-json\/wp\/v2\/pages\/15616\/revisions"}],"predecessor-version":[{"id":15689,"href":"https:\/\/estoreboost.com\/en\/wp-json\/wp\/v2\/pages\/15616\/revisions\/15689"}],"wp:attachment":[{"href":"https:\/\/estoreboost.com\/en\/wp-json\/wp\/v2\/media?parent=15616"}],"curies":[{"name":"wp","href":"https:\/\/api.w.org\/{rel}","templated":true}]}}