{"id":15702,"date":"2023-02-17T14:36:34","date_gmt":"2023-02-17T14:36:34","guid":{"rendered":"https:\/\/estoreboost.com\/amazon-storefront-nedir\/"},"modified":"2025-02-21T11:14:18","modified_gmt":"2025-02-21T11:14:18","slug":"what-is-amazon-storefront","status":"publish","type":"page","link":"https:\/\/estoreboost.com\/en\/what-is-amazon-storefront\/","title":{"rendered":"What is Amazon Storefront?"},"content":{"rendered":"\t\t<div data-elementor-type=\"wp-post\" data-elementor-id=\"15702\" class=\"elementor elementor-15702\">\n\t\t\t\t\t\t<section class=\"elementor-section elementor-top-section elementor-element elementor-element-6962e2f0 elementor-section-stretched elementor-section-boxed elementor-section-height-default elementor-section-height-default\" data-id=\"6962e2f0\" data-element_type=\"section\" data-settings=\"{&quot;stretch_section&quot;:&quot;section-stretched&quot;,&quot;background_background&quot;:&quot;classic&quot;}\">\n\t\t\t\t\t\t\t<div class=\"elementor-background-overlay\"><\/div>\n\t\t\t\t\t\t\t<div class=\"elementor-container elementor-column-gap-default\">\n\t\t\t\t\t<div class=\"elementor-column elementor-col-100 elementor-top-column elementor-element elementor-element-513d0c2\" data-id=\"513d0c2\" data-element_type=\"column\">\n\t\t\t<div class=\"elementor-widget-wrap elementor-element-populated\">\n\t\t\t\t\t\t<div class=\"elementor-element elementor-element-15cdacec elementor-widget elementor-widget-heading\" data-id=\"15cdacec\" data-element_type=\"widget\" data-widget_type=\"heading.default\">\n\t\t\t\t<div class=\"elementor-widget-container\">\n\t\t\t\t\t<h1 class=\"elementor-heading-title elementor-size-default\">WHAT IS AMAZON STOREFRONT?<\/h1>\t\t\t\t<\/div>\n\t\t\t\t<\/div>\n\t\t\t\t\t<\/div>\n\t\t<\/div>\n\t\t\t\t\t<\/div>\n\t\t<\/section>\n\t\t\t\t<section class=\"elementor-section elementor-top-section elementor-element elementor-element-50b8a3c6 elementor-section-stretched elementor-section-boxed elementor-section-height-default elementor-section-height-default\" data-id=\"50b8a3c6\" data-element_type=\"section\" data-settings=\"{&quot;stretch_section&quot;:&quot;section-stretched&quot;,&quot;background_background&quot;:&quot;classic&quot;}\">\n\t\t\t\t\t\t<div class=\"elementor-container elementor-column-gap-default\">\n\t\t\t\t\t<div class=\"elementor-column elementor-col-50 elementor-top-column elementor-element elementor-element-c803c6b\" data-id=\"c803c6b\" data-element_type=\"column\">\n\t\t\t<div class=\"elementor-widget-wrap elementor-element-populated\">\n\t\t\t\t\t\t<div class=\"elementor-element elementor-element-1a8c6fd elementor-widget elementor-widget-image\" data-id=\"1a8c6fd\" data-element_type=\"widget\" data-widget_type=\"image.default\">\n\t\t\t\t<div class=\"elementor-widget-container\">\n\t\t\t\t\t\t\t\t\t\t\t\t\t\t\t<img fetchpriority=\"high\" decoding=\"async\" width=\"524\" height=\"632\" src=\"https:\/\/estoreboost.com\/wp-content\/uploads\/2021\/11\/amazon-storefront4.jpg\" class=\"attachment-full size-full wp-image-12484\" alt=\"amazon storefront\" srcset=\"https:\/\/estoreboost.com\/wp-content\/uploads\/2021\/11\/amazon-storefront4.jpg 524w, https:\/\/estoreboost.com\/wp-content\/uploads\/2021\/11\/amazon-storefront4-249x300.jpg 249w\" sizes=\"(max-width: 524px) 100vw, 524px\" \/>\t\t\t\t\t\t\t\t\t\t\t\t\t\t\t<\/div>\n\t\t\t\t<\/div>\n\t\t\t\t\t<\/div>\n\t\t<\/div>\n\t\t\t\t<div class=\"elementor-column elementor-col-50 elementor-top-column elementor-element elementor-element-52834fe2\" data-id=\"52834fe2\" data-element_type=\"column\">\n\t\t\t<div class=\"elementor-widget-wrap elementor-element-populated\">\n\t\t\t\t\t\t<div class=\"elementor-element elementor-element-c7d30e8 elementor-widget elementor-widget-text-editor\" data-id=\"c7d30e8\" data-element_type=\"widget\" data-widget_type=\"text-editor.default\">\n\t\t\t\t<div class=\"elementor-widget-container\">\n\t\t\t\t\t\t\t\t\t<p>Amazon STOREFRONT is a page that includes more detailed information about the features and quality of the branded appearance. The storefront on Amazon functions the same as the display where you put your products in your physical store. In other words, Amazon allows branded structures to create their websites on Amazon. Sellers are free to display all content related to their products with a well-designed logo, high-quality photos, images and videos<\/p><p>A Well-Designed Storefront to Increase Your Sales<\/p><p>Having a product page with a storefront provides many advantages for branded sellers. First of all, sellers have the chance to create their storefronts to display all the structures on a single well-prepared website by creating high-quality images, videos and optimized content. In addition, for store-owning sellers, Amazon offers a great tool called The Store Insights so that we can check the results of the store, including traffic and sales.<\/p>\t\t\t\t\t\t\t\t<\/div>\n\t\t\t\t<\/div>\n\t\t\t\t\t<\/div>\n\t\t<\/div>\n\t\t\t\t\t<\/div>\n\t\t<\/section>\n\t\t\t\t<section class=\"elementor-section elementor-top-section elementor-element elementor-element-ca33276 elementor-section-stretched elementor-section-boxed elementor-section-height-default elementor-section-height-default\" data-id=\"ca33276\" data-element_type=\"section\" data-settings=\"{&quot;stretch_section&quot;:&quot;section-stretched&quot;,&quot;background_background&quot;:&quot;classic&quot;}\">\n\t\t\t\t\t\t<div class=\"elementor-container elementor-column-gap-default\">\n\t\t\t\t\t<div class=\"elementor-column elementor-col-100 elementor-top-column elementor-element elementor-element-26f042a\" data-id=\"26f042a\" data-element_type=\"column\">\n\t\t\t<div class=\"elementor-widget-wrap elementor-element-populated\">\n\t\t\t\t\t\t<div class=\"elementor-element elementor-element-a2d7b62 elementor-widget elementor-widget-text-editor\" data-id=\"a2d7b62\" data-element_type=\"widget\" data-widget_type=\"text-editor.default\">\n\t\t\t\t<div class=\"elementor-widget-container\">\n\t\t\t\t\t\t\t\t\t<div class=\"group w-full text-gray-800 dark:text-gray-100 border-b border-black\/10 dark:border-gray-900\/50 dark:bg-gray-800\"><div class=\"text-base gap-4 md:gap-6 md:max-w-2xl lg:max-w-2xl xl:max-w-3xl p-4 md:py-6 flex lg:px-0 m-auto\"><div class=\"relative flex w-[calc(100%-50px)] flex-col gap-1 md:gap-3 lg:w-[calc(100%-115px)]\"><div class=\"flex flex-grow flex-col gap-3\"><p>What is Amazon Storefront?<\/p><p>&#8220;Amazon Storefront&#8221; or &#8220;Amazon Store Page&#8221; is a platform where brands that sell their products on Amazon can create their own digital stores. This platform allows brands to promote themselves and their products on Amazon, interact directly with their customers, and increase their sales.<\/p><p>Key features of Amazon Storefront include:<\/p><p>Brands can create a digital store using their own name and logo. The design and content of these stores can be customized to the brand&#8217;s needs.<br \/>Stores can include the products that brands sell on Amazon, as well as the brands&#8217; stories, videos, customer reviews, and other information.<br \/>Stores can include a comment and Q&amp;A section that allows brands to interact directly with customers.<br \/>Stores can be used as a reference point for brands&#8217; advertising and promotions on Amazon.<\/p><p>Amazon Storefront helps brands strengthen their presence on Amazon and become more attractive to their customers. By using Amazon Storefront, brands can reach more customers by showing their customers the reliability and quality of their brands, while also increasing their sales.<\/p><p>How to Create an Amazon Storefront?<\/p><p>As a team with different talents including marketing and management analysis, graphic design and photography, we develop Storefront to achieve our goals. Our graphic team creates attractive images of all your products. The best possible details of the products are prepared. We place your products on the page in harmony with high-quality photos and videos. A well-used storefront will increase traffic to your page day by day.<\/p><p>We have received training on how to create a storefront on the Helium10 site.<\/p><p>What are the Advantages of Amazon Storefront?<\/p><p>Amazon is one of the largest e-commerce platforms worldwide and provides a meeting place for millions of sellers and consumers. Amazon Storefront offers a special showcase for businesses to showcase their products more effectively. In this article, you will see the advantages of Amazon Storefront and how you can create a successful Storefront.<\/p><p>Strengthen Your Brand Identity<\/p><p>Amazon Storefront helps you strengthen your business&#8217;s brand awareness. With a special design and layout, you can showcase your products and provide customers with more detailed information about your business. With Storefront&#8217;s customizable templates, you present customers with a page that tells your business&#8217;s values \u200b\u200band story. In this way, your customers will connect more with your business and be more likely to become loyal customers.<\/p><p>Gain More Customers<\/p><p>Amazon Storefront makes it easier for potential customers to discover your products. Thanks to Amazon&#8217;s great user interface, your business can appeal to a wider audience. Thanks to Storefront&#8217;s SEO optimization capabilities, your products rank higher and gain more visibility. Thus, the likelihood of customers coming across your business and purchasing your products increases.<\/p><p>Improve Your Sales Strategies with Data Analysis<\/p><p>Amazon Storefront helps you improve your sales strategies by providing important data for your business. Thanks to the analysis tools provided by Storefront, you can learn which products customers are interested in on your page and which marketing tactics are working. This data provides valuable information to shape your future marketing campaigns and product strategies.<\/p><p>Promote Your Products Better<\/p><p>Amazon Storefront allows you to promote your products more effectively. Unlike regular Amazon product listings, Storefront allows you to support your products with visual and written content. This way, you can better highlight the features and benefits of your products and give customers more incentive to try them. You can also provide customers with more information about your products and positively influence their purchasing decisions by adding product videos and customer reviews.<\/p><p>Improve User Experience<\/p><p>Amazon Storefront offers customers a better user experience. Storefront pages are more user-friendly than regular Amazon pages, providing customers with a great opportunity to better understand your products and brand. With Storefront, you can categorize your products so that customers can reach the products they are looking for faster. This increases customer satisfaction, positively affects your sales and the success of your business.<\/p><p>How to Create a Successful Amazon Storefront?<\/p><p>To take advantage of the benefits that Amazon Storefront offers, it is important to set up Storefront successfully. Here is how you can achieve this<\/p><\/div><\/div><\/div><\/div>\t\t\t\t\t\t\t\t<\/div>\n\t\t\t\t<\/div>\n\t\t\t\t<div class=\"elementor-element elementor-element-8e0075c elementor-align-center elementor-widget elementor-widget-button\" data-id=\"8e0075c\" data-element_type=\"widget\" data-widget_type=\"button.default\">\n\t\t\t\t<div class=\"elementor-widget-container\">\n\t\t\t\t\t\t\t\t\t<div class=\"elementor-button-wrapper\">\n\t\t\t\t\t<a class=\"elementor-button elementor-button-link elementor-size-md\" href=\"https:\/\/estoreboost.com\/tr\/iletisim\/\">\n\t\t\t\t\t\t<span class=\"elementor-button-content-wrapper\">\n\t\t\t\t\t\t<span class=\"elementor-button-icon\">\n\t\t\t\t<i aria-hidden=\"true\" class=\"far fa-caret-square-right\"><\/i>\t\t\t<\/span>\n\t\t\t\t\t\t\t\t\t<span class=\"elementor-button-text\"> DETAYLI B\u0130LG\u0130 \u0130\u00c7\u0130N L\u00dcTFEN \u0130LET\u0130\u015e\u0130ME GE\u00c7\u0130N<\/span>\n\t\t\t\t\t<\/span>\n\t\t\t\t\t<\/a>\n\t\t\t\t<\/div>\n\t\t\t\t\t\t\t\t<\/div>\n\t\t\t\t<\/div>\n\t\t\t\t<div class=\"elementor-element elementor-element-4a3afbf elementor-widget elementor-widget-spacer\" data-id=\"4a3afbf\" data-element_type=\"widget\" data-widget_type=\"spacer.default\">\n\t\t\t\t<div class=\"elementor-widget-container\">\n\t\t\t\t\t\t\t<div class=\"elementor-spacer\">\n\t\t\t<div class=\"elementor-spacer-inner\"><\/div>\n\t\t<\/div>\n\t\t\t\t\t\t<\/div>\n\t\t\t\t<\/div>\n\t\t\t\t\t<\/div>\n\t\t<\/div>\n\t\t\t\t\t<\/div>\n\t\t<\/section>\n\t\t\t\t<section class=\"elementor-section elementor-top-section elementor-element elementor-element-b34f3f4 elementor-section-full_width elementor-section-stretched elementor-section-height-default elementor-section-height-default\" data-id=\"b34f3f4\" data-element_type=\"section\" data-settings=\"{&quot;stretch_section&quot;:&quot;section-stretched&quot;}\">\n\t\t\t\t\t\t<div class=\"elementor-container elementor-column-gap-no\">\n\t\t\t\t\t<div class=\"elementor-column elementor-col-100 elementor-top-column elementor-element elementor-element-51e5238\" data-id=\"51e5238\" data-element_type=\"column\">\n\t\t\t<div class=\"elementor-widget-wrap elementor-element-populated\">\n\t\t\t\t\t\t<div class=\"elementor-element elementor-element-8c4ba2d elementor-widget elementor-widget-html\" data-id=\"8c4ba2d\" data-element_type=\"widget\" data-widget_type=\"html.default\">\n\t\t\t\t<div class=\"elementor-widget-container\">\n\t\t\t\t\t<iframe src=\"https:\/\/embeds.beehiiv.com\/6513c285-04bf-46e2-b650-31f17fd72b68\" data-test-id=\"beehiiv-embed\" width=\"100%\" height=\"320\" frameborder=\"0\" scrolling=\"no\" style=\"border-radius: 4px; border: 2px solid #e5e7eb; margin: 0; background-color: transparent;\"><\/iframe>\r\n\t\t\t\t<\/div>\n\t\t\t\t<\/div>\n\t\t\t\t\t<\/div>\n\t\t<\/div>\n\t\t\t\t\t<\/div>\n\t\t<\/section>\n\t\t\t\t<\/div>\n\t\t","protected":false},"excerpt":{"rendered":"<p>WHAT IS AMAZON STOREFRONT? Amazon STOREFRONT is a page that&hellip;<\/p>\n<p> <a class=\"more-link\" href=\"https:\/\/estoreboost.com\/en\/what-is-amazon-storefront\/\">Read more<\/a><\/p>\n","protected":false},"author":4,"featured_media":0,"parent":0,"menu_order":0,"comment_status":"closed","ping_status":"closed","template":"","meta":{"footnotes":""},"class_list":["post-15702","page","type-page","status-publish"],"aioseo_notices":[],"_hostinger_reach_plugin_has_subscription_block":false,"_hostinger_reach_plugin_is_elementor":false,"_links":{"self":[{"href":"https:\/\/estoreboost.com\/en\/wp-json\/wp\/v2\/pages\/15702","targetHints":{"allow":["GET"]}}],"collection":[{"href":"https:\/\/estoreboost.com\/en\/wp-json\/wp\/v2\/pages"}],"about":[{"href":"https:\/\/estoreboost.com\/en\/wp-json\/wp\/v2\/types\/page"}],"author":[{"embeddable":true,"href":"https:\/\/estoreboost.com\/en\/wp-json\/wp\/v2\/users\/4"}],"replies":[{"embeddable":true,"href":"https:\/\/estoreboost.com\/en\/wp-json\/wp\/v2\/comments?post=15702"}],"version-history":[{"count":4,"href":"https:\/\/estoreboost.com\/en\/wp-json\/wp\/v2\/pages\/15702\/revisions"}],"predecessor-version":[{"id":15711,"href":"https:\/\/estoreboost.com\/en\/wp-json\/wp\/v2\/pages\/15702\/revisions\/15711"}],"wp:attachment":[{"href":"https:\/\/estoreboost.com\/en\/wp-json\/wp\/v2\/media?parent=15702"}],"curies":[{"name":"wp","href":"https:\/\/api.w.org\/{rel}","templated":true}]}}