{"id":15703,"date":"2023-02-17T09:08:52","date_gmt":"2023-02-17T09:08:52","guid":{"rendered":"https:\/\/estoreboost.com\/amazon-tam-hesap-yonetimi\/"},"modified":"2025-02-21T11:10:05","modified_gmt":"2025-02-21T11:10:05","slug":"amazon-full-account-management","status":"publish","type":"page","link":"https:\/\/estoreboost.com\/en\/amazon-full-account-management\/","title":{"rendered":"Amazon Full Account Management"},"content":{"rendered":"\t\t<div data-elementor-type=\"wp-post\" data-elementor-id=\"15703\" class=\"elementor elementor-15703\">\n\t\t\t\t\t\t<section class=\"elementor-section elementor-top-section elementor-element elementor-element-6962e2f0 elementor-section-stretched elementor-section-boxed elementor-section-height-default elementor-section-height-default\" data-id=\"6962e2f0\" data-element_type=\"section\" data-settings=\"{&quot;stretch_section&quot;:&quot;section-stretched&quot;,&quot;background_background&quot;:&quot;classic&quot;}\">\n\t\t\t\t\t\t\t<div class=\"elementor-background-overlay\"><\/div>\n\t\t\t\t\t\t\t<div class=\"elementor-container elementor-column-gap-default\">\n\t\t\t\t\t<div class=\"elementor-column elementor-col-100 elementor-top-column elementor-element elementor-element-513d0c2\" data-id=\"513d0c2\" data-element_type=\"column\">\n\t\t\t<div class=\"elementor-widget-wrap elementor-element-populated\">\n\t\t\t\t\t\t<div class=\"elementor-element elementor-element-15cdacec elementor-widget elementor-widget-heading\" data-id=\"15cdacec\" data-element_type=\"widget\" data-widget_type=\"heading.default\">\n\t\t\t\t<div class=\"elementor-widget-container\">\n\t\t\t\t\t<h1 class=\"elementor-heading-title elementor-size-default\">AMAZON FULL ACCOUNT MANAGEMENT\n\u200b<\/h1>\t\t\t\t<\/div>\n\t\t\t\t<\/div>\n\t\t\t\t\t<\/div>\n\t\t<\/div>\n\t\t\t\t\t<\/div>\n\t\t<\/section>\n\t\t\t\t<section class=\"elementor-section elementor-top-section elementor-element elementor-element-50b8a3c6 elementor-section-stretched elementor-section-boxed elementor-section-height-default elementor-section-height-default\" data-id=\"50b8a3c6\" data-element_type=\"section\" data-settings=\"{&quot;stretch_section&quot;:&quot;section-stretched&quot;,&quot;background_background&quot;:&quot;classic&quot;}\">\n\t\t\t\t\t\t<div class=\"elementor-container elementor-column-gap-default\">\n\t\t\t\t\t<div class=\"elementor-column elementor-col-50 elementor-top-column elementor-element elementor-element-52834fe2\" data-id=\"52834fe2\" data-element_type=\"column\">\n\t\t\t<div class=\"elementor-widget-wrap elementor-element-populated\">\n\t\t\t\t\t\t<div class=\"elementor-element elementor-element-97a8aff elementor-widget elementor-widget-heading\" data-id=\"97a8aff\" data-element_type=\"widget\" data-widget_type=\"heading.default\">\n\t\t\t\t<div class=\"elementor-widget-container\">\n\t\t\t\t\t<h2 class=\"elementor-heading-title elementor-size-medium\">WHAT IS AMAZON FULL ACCOUNT MANAGEMENT?<\/h2>\t\t\t\t<\/div>\n\t\t\t\t<\/div>\n\t\t\t\t<div class=\"elementor-element elementor-element-772f906 elementor-widget elementor-widget-text-editor\" data-id=\"772f906\" data-element_type=\"widget\" data-widget_type=\"text-editor.default\">\n\t\t\t\t<div class=\"elementor-widget-container\">\n\t\t\t\t\t\t\t\t\t<p>Amazon Full Account Management<\/p><p>Full Account Management refers to A to Z account management covering all sales and marketing activities from the first stage to the last step of selling on Amazon. Estoreboost will manage your account and sales process from new product analysis to marketing and advertising management, graphic designs to communication with customers and Amazon. So you can focus on the operations side to grow your business.<\/p><p>E-storeboost will assign a team consisting of a mentor, an e-commerce expert and a graphic designer who serve you individually in the full account management service.<\/p>\t\t\t\t\t\t\t\t<\/div>\n\t\t\t\t<\/div>\n\t\t\t\t<div class=\"elementor-element elementor-element-174568b elementor-widget elementor-widget-heading\" data-id=\"174568b\" data-element_type=\"widget\" data-widget_type=\"heading.default\">\n\t\t\t\t<div class=\"elementor-widget-container\">\n\t\t\t\t\t<h2 class=\"elementor-heading-title elementor-size-medium\">WHAT DO OUR CUSTOMERS SAY ABOUT OUR FULL ACCOUNT MANAGEMENT SERVICE?<\/h2>\t\t\t\t<\/div>\n\t\t\t\t<\/div>\n\t\t\t\t<div class=\"elementor-element elementor-element-7c67b50 elementor-widget elementor-widget-text-editor\" data-id=\"7c67b50\" data-element_type=\"widget\" data-widget_type=\"text-editor.default\">\n\t\t\t\t<div class=\"elementor-widget-container\">\n\t\t\t\t\t\t\t\t\t<p>Most of our clients who we provide full account management services to are happy with Estoreboost and are able to focus their operations separately from Amazon. They get instant help from their dedicated experts. Please check our clients&#8217; references.<\/p>\t\t\t\t\t\t\t\t<\/div>\n\t\t\t\t<\/div>\n\t\t\t\t\t<\/div>\n\t\t<\/div>\n\t\t\t\t<div class=\"elementor-column elementor-col-50 elementor-top-column elementor-element elementor-element-c803c6b\" data-id=\"c803c6b\" data-element_type=\"column\">\n\t\t\t<div class=\"elementor-widget-wrap elementor-element-populated\">\n\t\t\t\t\t\t<div class=\"elementor-element elementor-element-1a8c6fd elementor-widget elementor-widget-image\" data-id=\"1a8c6fd\" data-element_type=\"widget\" data-widget_type=\"image.default\">\n\t\t\t\t<div class=\"elementor-widget-container\">\n\t\t\t\t\t\t\t\t\t\t\t\t\t\t\t<img fetchpriority=\"high\" decoding=\"async\" width=\"632\" height=\"716\" src=\"https:\/\/estoreboost.com\/wp-content\/uploads\/2021\/11\/amazon-ppc1.jpg\" class=\"attachment-full size-full wp-image-12529\" alt=\"amazon ppc1\" srcset=\"https:\/\/estoreboost.com\/wp-content\/uploads\/2021\/11\/amazon-ppc1.jpg 632w, https:\/\/estoreboost.com\/wp-content\/uploads\/2021\/11\/amazon-ppc1-265x300.jpg 265w\" sizes=\"(max-width: 632px) 100vw, 632px\" \/>\t\t\t\t\t\t\t\t\t\t\t\t\t\t\t<\/div>\n\t\t\t\t<\/div>\n\t\t\t\t\t<\/div>\n\t\t<\/div>\n\t\t\t\t\t<\/div>\n\t\t<\/section>\n\t\t\t\t<section class=\"elementor-section elementor-top-section elementor-element elementor-element-ca33276 elementor-section-stretched elementor-section-boxed elementor-section-height-default elementor-section-height-default\" data-id=\"ca33276\" data-element_type=\"section\" data-settings=\"{&quot;stretch_section&quot;:&quot;section-stretched&quot;,&quot;background_background&quot;:&quot;classic&quot;}\">\n\t\t\t\t\t\t<div class=\"elementor-container elementor-column-gap-default\">\n\t\t\t\t\t<div class=\"elementor-column elementor-col-100 elementor-top-column elementor-element elementor-element-26f042a\" data-id=\"26f042a\" data-element_type=\"column\">\n\t\t\t<div class=\"elementor-widget-wrap elementor-element-populated\">\n\t\t\t\t\t\t<div class=\"elementor-element elementor-element-9adfb85 elementor-widget elementor-widget-heading\" data-id=\"9adfb85\" data-element_type=\"widget\" data-widget_type=\"heading.default\">\n\t\t\t\t<div class=\"elementor-widget-container\">\n\t\t\t\t\t<h2 class=\"elementor-heading-title elementor-size-medium\">THE PERFECT SERVICE HAS BEEN PREPARED TO GROW YOUR BRAND ON AMAZON<\/h2>\t\t\t\t<\/div>\n\t\t\t\t<\/div>\n\t\t\t\t<div class=\"elementor-element elementor-element-08c395f elementor-widget elementor-widget-text-editor\" data-id=\"08c395f\" data-element_type=\"widget\" data-widget_type=\"text-editor.default\">\n\t\t\t\t<div class=\"elementor-widget-container\">\n\t\t\t\t\t\t\t\t\t<p>Amazon Full Account management includes various services like Product Launch Plan Creation and Management, Amazon PPC Management Services, Amazon Brand Registry, New Product Research and many other excellent services. For more detailed information about our services under Amazon Full Account Management Service, please review the services below.<\/p>\t\t\t\t\t\t\t\t<\/div>\n\t\t\t\t<\/div>\n\t\t\t\t\t<\/div>\n\t\t<\/div>\n\t\t\t\t\t<\/div>\n\t\t<\/section>\n\t\t\t\t<section class=\"elementor-section elementor-top-section elementor-element elementor-element-976656e elementor-section-stretched elementor-section-boxed elementor-section-height-default elementor-section-height-default\" data-id=\"976656e\" data-element_type=\"section\" data-settings=\"{&quot;stretch_section&quot;:&quot;section-stretched&quot;,&quot;background_background&quot;:&quot;classic&quot;}\">\n\t\t\t\t\t\t<div class=\"elementor-container elementor-column-gap-default\">\n\t\t\t\t\t<div class=\"elementor-column elementor-col-100 elementor-top-column elementor-element elementor-element-fc7f14d\" data-id=\"fc7f14d\" data-element_type=\"column\">\n\t\t\t<div class=\"elementor-widget-wrap elementor-element-populated\">\n\t\t\t\t\t\t<div class=\"elementor-element elementor-element-e0eca11 elementor-widget elementor-widget-heading\" data-id=\"e0eca11\" data-element_type=\"widget\" data-widget_type=\"heading.default\">\n\t\t\t\t<div class=\"elementor-widget-container\">\n\t\t\t\t\t<h2 class=\"elementor-heading-title elementor-size-medium\">AMAZON FULL ACCOUNT MANAGEMENT<\/h2>\t\t\t\t<\/div>\n\t\t\t\t<\/div>\n\t\t\t\t<section class=\"elementor-section elementor-inner-section elementor-element elementor-element-8deeb72 elementor-section-boxed elementor-section-height-default elementor-section-height-default\" data-id=\"8deeb72\" data-element_type=\"section\">\n\t\t\t\t\t\t<div class=\"elementor-container elementor-column-gap-default\">\n\t\t\t\t\t<div class=\"elementor-column elementor-col-50 elementor-inner-column elementor-element elementor-element-bbd289a\" data-id=\"bbd289a\" data-element_type=\"column\">\n\t\t\t<div class=\"elementor-widget-wrap elementor-element-populated\">\n\t\t\t\t\t\t<div class=\"elementor-element elementor-element-f3a73c6 elementor-widget elementor-widget-text-editor\" data-id=\"f3a73c6\" data-element_type=\"widget\" data-widget_type=\"text-editor.default\">\n\t\t\t\t<div class=\"elementor-widget-container\">\n\t\t\t\t\t\t\t\t\t<ul><li style=\"text-align: justify;\">AMAZON FULL ACCOUNT Amazon Account Health<br \/>Amazon Post Management<br \/>Amazon Listing Optimization<br \/>Amazon Advertising (PPC) Optimization<br \/>Amazon Showcase<br \/>Amazon Brand Registration<br \/>Amazon FBA Refund<br \/>Amazon Brand Protection<\/li><\/ul>\t\t\t\t\t\t\t\t<\/div>\n\t\t\t\t<\/div>\n\t\t\t\t\t<\/div>\n\t\t<\/div>\n\t\t\t\t<div class=\"elementor-column elementor-col-50 elementor-inner-column elementor-element elementor-element-25bfdf9\" data-id=\"25bfdf9\" data-element_type=\"column\">\n\t\t\t<div class=\"elementor-widget-wrap elementor-element-populated\">\n\t\t\t\t\t\t<div class=\"elementor-element elementor-element-423197b elementor-widget elementor-widget-text-editor\" data-id=\"423197b\" data-element_type=\"widget\" data-widget_type=\"text-editor.default\">\n\t\t\t\t<div class=\"elementor-widget-container\">\n\t\t\t\t\t\t\t\t\t<ul><li style=\"text-align: justify;\">Product Launch Plan Creation and Management<br \/>Amazon Reviews \/<br \/>Feedback Management<br \/>New Product Research<br \/>Amazon Image and Infographic Optimization<br \/>Amazon A+ Content (Advanced Brand Content)<br \/>Promotion Management: Coupons \/ Deals \/ Sales<br \/>Amazon Customer Relationship Management<\/li><\/ul>\t\t\t\t\t\t\t\t<\/div>\n\t\t\t\t<\/div>\n\t\t\t\t\t<\/div>\n\t\t<\/div>\n\t\t\t\t\t<\/div>\n\t\t<\/section>\n\t\t\t\t<div class=\"elementor-element elementor-element-520a8e5 elementor-widget elementor-widget-spacer\" data-id=\"520a8e5\" data-element_type=\"widget\" data-widget_type=\"spacer.default\">\n\t\t\t\t<div class=\"elementor-widget-container\">\n\t\t\t\t\t\t\t<div class=\"elementor-spacer\">\n\t\t\t<div class=\"elementor-spacer-inner\"><\/div>\n\t\t<\/div>\n\t\t\t\t\t\t<\/div>\n\t\t\t\t<\/div>\n\t\t\t\t<div class=\"elementor-element elementor-element-a4592b5 elementor-align-center elementor-widget elementor-widget-button\" data-id=\"a4592b5\" data-element_type=\"widget\" data-widget_type=\"button.default\">\n\t\t\t\t<div class=\"elementor-widget-container\">\n\t\t\t\t\t\t\t\t\t<div class=\"elementor-button-wrapper\">\n\t\t\t\t\t<a class=\"elementor-button elementor-button-link elementor-size-md\" href=\"https:\/\/estoreboost.com\/tr\/iletisim\/\">\n\t\t\t\t\t\t<span class=\"elementor-button-content-wrapper\">\n\t\t\t\t\t\t<span class=\"elementor-button-icon\">\n\t\t\t\t<i aria-hidden=\"true\" class=\"far fa-caret-square-right\"><\/i>\t\t\t<\/span>\n\t\t\t\t\t\t\t\t\t<span class=\"elementor-button-text\">Detayl\u0131 bilgi i\u00e7in l\u00fctfen ileti\u015fime ge\u00e7in<\/span>\n\t\t\t\t\t<\/span>\n\t\t\t\t\t<\/a>\n\t\t\t\t<\/div>\n\t\t\t\t\t\t\t\t<\/div>\n\t\t\t\t<\/div>\n\t\t\t\t<div class=\"elementor-element elementor-element-a88134b elementor-widget elementor-widget-spacer\" data-id=\"a88134b\" data-element_type=\"widget\" data-widget_type=\"spacer.default\">\n\t\t\t\t<div class=\"elementor-widget-container\">\n\t\t\t\t\t\t\t<div class=\"elementor-spacer\">\n\t\t\t<div class=\"elementor-spacer-inner\"><\/div>\n\t\t<\/div>\n\t\t\t\t\t\t<\/div>\n\t\t\t\t<\/div>\n\t\t\t\t\t<\/div>\n\t\t<\/div>\n\t\t\t\t\t<\/div>\n\t\t<\/section>\n\t\t\t\t<section class=\"elementor-section elementor-top-section elementor-element elementor-element-71dedc2 elementor-section-full_width elementor-section-stretched elementor-section-height-default elementor-section-height-default\" data-id=\"71dedc2\" data-element_type=\"section\" data-settings=\"{&quot;stretch_section&quot;:&quot;section-stretched&quot;}\">\n\t\t\t\t\t\t<div class=\"elementor-container elementor-column-gap-no\">\n\t\t\t\t\t<div class=\"elementor-column elementor-col-100 elementor-top-column elementor-element elementor-element-cb8a8d2\" data-id=\"cb8a8d2\" data-element_type=\"column\">\n\t\t\t<div class=\"elementor-widget-wrap elementor-element-populated\">\n\t\t\t\t\t\t<div class=\"elementor-element elementor-element-8838dc6 elementor-widget elementor-widget-html\" data-id=\"8838dc6\" data-element_type=\"widget\" data-widget_type=\"html.default\">\n\t\t\t\t<div class=\"elementor-widget-container\">\n\t\t\t\t\t<iframe src=\"https:\/\/embeds.beehiiv.com\/6513c285-04bf-46e2-b650-31f17fd72b68\" data-test-id=\"beehiiv-embed\" width=\"100%\" height=\"320\" frameborder=\"0\" scrolling=\"no\" style=\"border-radius: 4px; border: 2px solid #e5e7eb; margin: 0; background-color: transparent;\"><\/iframe>\r\n\t\t\t\t<\/div>\n\t\t\t\t<\/div>\n\t\t\t\t\t<\/div>\n\t\t<\/div>\n\t\t\t\t\t<\/div>\n\t\t<\/section>\n\t\t\t\t<\/div>\n\t\t","protected":false},"excerpt":{"rendered":"<p>AMAZON FULL ACCOUNT MANAGEMENT \u200b WHAT IS AMAZON FULL ACCOUNT&hellip;<\/p>\n<p> <a class=\"more-link\" href=\"https:\/\/estoreboost.com\/en\/amazon-full-account-management\/\">Read more<\/a><\/p>\n","protected":false},"author":4,"featured_media":0,"parent":0,"menu_order":0,"comment_status":"closed","ping_status":"closed","template":"","meta":{"footnotes":""},"class_list":["post-15703","page","type-page","status-publish"],"aioseo_notices":[],"_hostinger_reach_plugin_has_subscription_block":false,"_hostinger_reach_plugin_is_elementor":false,"_links":{"self":[{"href":"https:\/\/estoreboost.com\/en\/wp-json\/wp\/v2\/pages\/15703","targetHints":{"allow":["GET"]}}],"collection":[{"href":"https:\/\/estoreboost.com\/en\/wp-json\/wp\/v2\/pages"}],"about":[{"href":"https:\/\/estoreboost.com\/en\/wp-json\/wp\/v2\/types\/page"}],"author":[{"embeddable":true,"href":"https:\/\/estoreboost.com\/en\/wp-json\/wp\/v2\/users\/4"}],"replies":[{"embeddable":true,"href":"https:\/\/estoreboost.com\/en\/wp-json\/wp\/v2\/comments?post=15703"}],"version-history":[{"count":4,"href":"https:\/\/estoreboost.com\/en\/wp-json\/wp\/v2\/pages\/15703\/revisions"}],"predecessor-version":[{"id":15707,"href":"https:\/\/estoreboost.com\/en\/wp-json\/wp\/v2\/pages\/15703\/revisions\/15707"}],"wp:attachment":[{"href":"https:\/\/estoreboost.com\/en\/wp-json\/wp\/v2\/media?parent=15703"}],"curies":[{"name":"wp","href":"https:\/\/api.w.org\/{rel}","templated":true}]}}